{"id":145,"date":"2021-01-23T14:21:34","date_gmt":"2021-01-23T14:21:34","guid":{"rendered":"https:\/\/creativedigital.tech\/tandawordpress\/?page_id=145"},"modified":"2021-09-30T17:53:30","modified_gmt":"2021-09-30T17:53:30","slug":"your-it-partner-more-than-30-years-4","status":"publish","type":"page","link":"https:\/\/ekopulsas.lt\/?page_id=145","title":{"rendered":"Contact Us"},"content":{"rendered":"<p>[vc_row][vc_column]<!-- Start Contact \n    ============================================= -->\n    <div class=\"contact-area overflow-hidden default-padding\">\n        <div class=\"container\">\n            <div class=\"row\">\n\n                <div class=\"col-lg-6 contact-form-box\">\n                    <div class=\"content\">\n                        <div class=\"heading\">\n                            <h2>Need Help?<\/h2>\n                            <p>Reach out to the world\u2019s most reliable IT services.<\/p>\n                        <\/div>\n<div class=\"wpcf7 no-js\" id=\"wpcf7-f148-o1\" lang=\"en-US\" dir=\"ltr\" data-wpcf7-id=\"148\">\n<div class=\"screen-reader-response\"><p role=\"status\" aria-live=\"polite\" aria-atomic=\"true\"><\/p> <ul><\/ul><\/div>\n<form action=\"\/index.php?rest_route=%2Fwp%2Fv2%2Fpages%2F145#wpcf7-f148-o1\" method=\"post\" class=\"wpcf7-form init\" aria-label=\"Contact form\" novalidate=\"novalidate\" data-status=\"init\">\n<fieldset class=\"hidden-fields-container\"><input type=\"hidden\" name=\"_wpcf7\" value=\"148\" \/><input type=\"hidden\" name=\"_wpcf7_version\" value=\"6.1.5\" \/><input type=\"hidden\" name=\"_wpcf7_locale\" value=\"en_US\" \/><input type=\"hidden\" name=\"_wpcf7_unit_tag\" value=\"wpcf7-f148-o1\" \/><input type=\"hidden\" name=\"_wpcf7_container_post\" value=\"0\" \/><input type=\"hidden\" name=\"_wpcf7_posted_data_hash\" value=\"\" \/><input type=\"hidden\" name=\"_wpcf7_recaptcha_response\" value=\"\" \/>\n<\/fieldset>\n<div class=\"row\">\n\t<div class=\"col-lg-6\">\n\t\t<div class=\"form-group\">\n\t\t\t<p><span class=\"wpcf7-form-control-wrap\" data-name=\"your-name\"><input size=\"40\" maxlength=\"400\" class=\"wpcf7-form-control wpcf7-text wpcf7-validates-as-required form-control\" id=\"name\" aria-required=\"true\" aria-invalid=\"false\" placeholder=\"Name\" value=\"\" type=\"text\" name=\"your-name\" \/><\/span><br \/>\n<span class=\"alert-error\"><\/span>\n\t\t\t<\/p>\n\t\t<\/div>\n\t<\/div>\n\t<div class=\"col-lg-6\">\n\t\t<div class=\"form-group\">\n\t\t\t<p><span class=\"wpcf7-form-control-wrap\" data-name=\"email\"><input size=\"40\" maxlength=\"400\" class=\"wpcf7-form-control wpcf7-email wpcf7-validates-as-required wpcf7-text wpcf7-validates-as-email form-control\" id=\"email\" aria-required=\"true\" aria-invalid=\"false\" placeholder=\"Email*\" value=\"\" type=\"email\" name=\"email\" \/><\/span><br \/>\n<span class=\"alert-error\"><\/span>\n\t\t\t<\/p>\n\t\t<\/div>\n\t<\/div>\n<\/div>\n<div class=\"row\">\n\t<div class=\"col-lg-12\">\n\t\t<div class=\"form-group\">\n\t\t\t<p><span class=\"wpcf7-form-control-wrap\" data-name=\"phone\"><input size=\"40\" maxlength=\"400\" class=\"wpcf7-form-control wpcf7-tel wpcf7-text wpcf7-validates-as-tel form-control\" id=\"phone\" aria-invalid=\"false\" placeholder=\"Phone\" value=\"\" type=\"tel\" name=\"phone\" \/><\/span><br \/>\n<span class=\"alert-error\"><\/span>\n\t\t\t<\/p>\n\t\t<\/div>\n\t<\/div>\n<\/div>\n<div class=\"row\">\n\t<div class=\"col-lg-12\">\n\t\t<div class=\"form-group comments\">\n\t\t\t<p><span class=\"wpcf7-form-control-wrap\" data-name=\"comments\"><textarea cols=\"40\" rows=\"2\" maxlength=\"2000\" class=\"wpcf7-form-control wpcf7-textarea wpcf7-validates-as-required form-control\" id=\"comments\" aria-required=\"true\" aria-invalid=\"false\" placeholder=\"Please describe what you need. *\" name=\"comments\"><\/textarea><\/span>\n\t\t\t<\/p>\n\t\t<\/div>\n\t<\/div>\n<\/div>\n<div class=\"row\">\n\t<div class=\"col-lg-12\">\n\t\t<p><button type=\"submit\" name=\"submit\" id=\"submit\">Get a free consultation<\/button>\n\t\t<\/p>\n\t<\/div>\n<\/div>\n<!-- Alert Message -->\n<div class=\"col-md-12 alert-notification\">\n\t<div id=\"message\" class=\"alert-msg\">\n\t<\/div>\n<\/div><div class=\"wpcf7-response-output\" aria-hidden=\"true\"><\/div>\n<\/form>\n<\/div>\n<\/div>\n                <\/div><div class=\"col-lg-6 info\">\n    <div class=\"contact-tabs\">\n        <ul id=\"tabs\" class=\"nav nav-tabs\">\n            <li class=\"nav-item\">\n                <a href=\"\" data-target=\"#tab1\" data-toggle=\"tab\" class=\"active nav-link\">\n                    Address\n                <\/a>\n            <\/li>\n            <li class=\"nav-item\">\n                <a href=\"\" data-target=\"#tab2\" data-toggle=\"tab\" class=\"nav-link\">\n                    Google Maps\n                <\/a>\n            <\/li>\n        <\/ul>\n        <div id=\"tabsContent\" class=\"tab-content\">\n            <div id=\"tab1\" class=\"tab-pane fade active show\">\n                <ul>\n                    <li>\n                        <div class=\"icon\">\n                            <i class=\"fas fa-map-marker-alt\"><\/i>\n                        <\/div>\n                        <div class=\"info\">\n                            <p>\n                                Our Location\n                                <span>Sakalai\u010di\u0173 sod\u0173 1 str. 18, Vilnius, Lithuania<\/span>\n                            <\/p>\n                        <\/div>\n                    <\/li>\n                    <li>\n                        <div class=\"icon\">\n                            <i class=\"fas fa-envelope-open\"><\/i>\n                        <\/div>\n                        <div class=\"info\">\n                            <p>\n                                Send Us Mail\n                                <span>ekopulsasuab@gmail.com<\/span>\n                            <\/p>\n                        <\/div>\n                    <\/li><li>\n                        <div class=\"icon\">\n                            <i class=\"fas fa-phone\"><\/i>\n                        <\/div>\n                        <div class=\"info\">\n                            <p>\n                                Call Us\n                                <span>IT questions <b>+370 62619417 <\/b><\/span>\n\t\t\t\t\t\t\t\t<span>3D Design Questions <b> +370 679 23041 <\/b><\/span>\n                            <\/p>\n                        <\/div>\n                    <\/li>\n                <\/ul>\n            <\/div>\n            <div id=\"tab2\" class=\"tab-pane fade\">\n                <iframe src=\"https:\/\/www.google.com\/maps\/embed?pb=!1m18!1m12!1m3!1d6535.211709042878!2d25.268020913109645!3d54.61198562152684!2m3!1f0!2f0!3f0!3m2!1i1024!2i768!4f13.1!3m3!1m2!1s0x46dd952b9b3e040f%3A0x4de2d85965321181!2sSakalai%C4%8Di%C5%B3%20Sod%C5%B3%201-oji%20g.%2C%20Vilnius%2002216!5e0!3m2!1slt!2slt!4v1626292124549!5m2!1slt!2slt\"><\/iframe>\n            <\/div>\n        <\/div>\n    <\/div>\n<\/div><\/div>\n        <\/div>\n    <\/div>\n    <!-- End Contact Area -->[\/vc_column][\/vc_row]<\/p>\n","protected":false},"excerpt":{"rendered":"<p>[vc_row][vc_column][\/vc_column][\/vc_row]<\/p>\n","protected":false},"author":1,"featured_media":0,"parent":0,"menu_order":0,"comment_status":"closed","ping_status":"closed","template":"page-templates\/pages.php","meta":{"footnotes":""},"class_list":["post-145","page","type-page","status-publish","hentry"],"yoast_head":"<!-- This site is optimized with the Yoast SEO plugin v27.0 - https:\/\/yoast.com\/product\/yoast-seo-wordpress\/ -->\n<title>Contact Us - ekopulsas.lt - Your IT partner more than 30 years<\/title>\n<meta name=\"description\" content=\"Your IT partner more than 30 years. WEB solutions, 3D Visualization, Digital Marketing, IT infrastructure, Software development &amp; maintenance.\" \/>\n<meta name=\"robots\" content=\"index, follow, max-snippet:-1, max-image-preview:large, max-video-preview:-1\" \/>\n<link rel=\"canonical\" href=\"https:\/\/ekopulsas.lt\/?page_id=145\" \/>\n<meta property=\"og:locale\" content=\"en_US\" \/>\n<meta property=\"og:type\" content=\"article\" \/>\n<meta property=\"og:title\" content=\"Contact Us - ekopulsas.lt - Your IT partner more than 30 years\" \/>\n<meta property=\"og:description\" content=\"Your IT partner more than 30 years. WEB solutions, 3D Visualization, Digital Marketing, IT infrastructure, Software development &amp; maintenance.\" \/>\n<meta property=\"og:url\" content=\"https:\/\/ekopulsas.lt\/?page_id=145\" \/>\n<meta property=\"og:site_name\" content=\"ekopulsas.lt\" \/>\n<meta property=\"article:modified_time\" content=\"2021-09-30T17:53:30+00:00\" \/>\n<meta name=\"twitter:card\" content=\"summary_large_image\" \/>\n<meta name=\"twitter:label1\" content=\"Est. reading time\" \/>\n\t<meta name=\"twitter:data1\" content=\"1 minute\" \/>\n<script type=\"application\/ld+json\" class=\"yoast-schema-graph\">{\"@context\":\"https:\/\/schema.org\",\"@graph\":[{\"@type\":\"WebPage\",\"@id\":\"https:\/\/ekopulsas.lt\/?page_id=145\",\"url\":\"https:\/\/ekopulsas.lt\/?page_id=145\",\"name\":\"Contact Us - ekopulsas.lt - Your IT partner more than 30 years\",\"isPartOf\":{\"@id\":\"https:\/\/ekopulsas.lt\/#website\"},\"datePublished\":\"2021-01-23T14:21:34+00:00\",\"dateModified\":\"2021-09-30T17:53:30+00:00\",\"description\":\"Your IT partner more than 30 years. WEB solutions, 3D Visualization, Digital Marketing, IT infrastructure, Software development & maintenance.\",\"breadcrumb\":{\"@id\":\"https:\/\/ekopulsas.lt\/?page_id=145#breadcrumb\"},\"inLanguage\":\"en\",\"potentialAction\":[{\"@type\":\"ReadAction\",\"target\":[\"https:\/\/ekopulsas.lt\/?page_id=145\"]}]},{\"@type\":\"BreadcrumbList\",\"@id\":\"https:\/\/ekopulsas.lt\/?page_id=145#breadcrumb\",\"itemListElement\":[{\"@type\":\"ListItem\",\"position\":1,\"name\":\"Home\",\"item\":\"https:\/\/ekopulsas.lt\/\"},{\"@type\":\"ListItem\",\"position\":2,\"name\":\"Contact Us\"}]},{\"@type\":\"WebSite\",\"@id\":\"https:\/\/ekopulsas.lt\/#website\",\"url\":\"https:\/\/ekopulsas.lt\/\",\"name\":\"ekopulsas.lt\",\"description\":\"ekopulsas.lt\",\"potentialAction\":[{\"@type\":\"SearchAction\",\"target\":{\"@type\":\"EntryPoint\",\"urlTemplate\":\"https:\/\/ekopulsas.lt\/?s={search_term_string}\"},\"query-input\":{\"@type\":\"PropertyValueSpecification\",\"valueRequired\":true,\"valueName\":\"search_term_string\"}}],\"inLanguage\":\"en\"}]}<\/script>\n<!-- \/ Yoast SEO plugin. -->","yoast_head_json":{"title":"Contact Us - ekopulsas.lt - Your IT partner more than 30 years","description":"Your IT partner more than 30 years. WEB solutions, 3D Visualization, Digital Marketing, IT infrastructure, Software development & maintenance.","robots":{"index":"index","follow":"follow","max-snippet":"max-snippet:-1","max-image-preview":"max-image-preview:large","max-video-preview":"max-video-preview:-1"},"canonical":"https:\/\/ekopulsas.lt\/?page_id=145","og_locale":"en_US","og_type":"article","og_title":"Contact Us - ekopulsas.lt - Your IT partner more than 30 years","og_description":"Your IT partner more than 30 years. WEB solutions, 3D Visualization, Digital Marketing, IT infrastructure, Software development & maintenance.","og_url":"https:\/\/ekopulsas.lt\/?page_id=145","og_site_name":"ekopulsas.lt","article_modified_time":"2021-09-30T17:53:30+00:00","twitter_card":"summary_large_image","twitter_misc":{"Est. reading time":"1 minute"},"schema":{"@context":"https:\/\/schema.org","@graph":[{"@type":"WebPage","@id":"https:\/\/ekopulsas.lt\/?page_id=145","url":"https:\/\/ekopulsas.lt\/?page_id=145","name":"Contact Us - ekopulsas.lt - Your IT partner more than 30 years","isPartOf":{"@id":"https:\/\/ekopulsas.lt\/#website"},"datePublished":"2021-01-23T14:21:34+00:00","dateModified":"2021-09-30T17:53:30+00:00","description":"Your IT partner more than 30 years. WEB solutions, 3D Visualization, Digital Marketing, IT infrastructure, Software development & maintenance.","breadcrumb":{"@id":"https:\/\/ekopulsas.lt\/?page_id=145#breadcrumb"},"inLanguage":"en","potentialAction":[{"@type":"ReadAction","target":["https:\/\/ekopulsas.lt\/?page_id=145"]}]},{"@type":"BreadcrumbList","@id":"https:\/\/ekopulsas.lt\/?page_id=145#breadcrumb","itemListElement":[{"@type":"ListItem","position":1,"name":"Home","item":"https:\/\/ekopulsas.lt\/"},{"@type":"ListItem","position":2,"name":"Contact Us"}]},{"@type":"WebSite","@id":"https:\/\/ekopulsas.lt\/#website","url":"https:\/\/ekopulsas.lt\/","name":"ekopulsas.lt","description":"ekopulsas.lt","potentialAction":[{"@type":"SearchAction","target":{"@type":"EntryPoint","urlTemplate":"https:\/\/ekopulsas.lt\/?s={search_term_string}"},"query-input":{"@type":"PropertyValueSpecification","valueRequired":true,"valueName":"search_term_string"}}],"inLanguage":"en"}]}},"_links":{"self":[{"href":"https:\/\/ekopulsas.lt\/index.php?rest_route=\/wp\/v2\/pages\/145","targetHints":{"allow":["GET"]}}],"collection":[{"href":"https:\/\/ekopulsas.lt\/index.php?rest_route=\/wp\/v2\/pages"}],"about":[{"href":"https:\/\/ekopulsas.lt\/index.php?rest_route=\/wp\/v2\/types\/page"}],"author":[{"embeddable":true,"href":"https:\/\/ekopulsas.lt\/index.php?rest_route=\/wp\/v2\/users\/1"}],"replies":[{"embeddable":true,"href":"https:\/\/ekopulsas.lt\/index.php?rest_route=%2Fwp%2Fv2%2Fcomments&post=145"}],"version-history":[{"count":8,"href":"https:\/\/ekopulsas.lt\/index.php?rest_route=\/wp\/v2\/pages\/145\/revisions"}],"predecessor-version":[{"id":1025,"href":"https:\/\/ekopulsas.lt\/index.php?rest_route=\/wp\/v2\/pages\/145\/revisions\/1025"}],"wp:attachment":[{"href":"https:\/\/ekopulsas.lt\/index.php?rest_route=%2Fwp%2Fv2%2Fmedia&parent=145"}],"curies":[{"name":"wp","href":"https:\/\/api.w.org\/{rel}","templated":true}]}}